{"id":21300,"date":"2021-04-29T14:22:25","date_gmt":"2021-04-29T12:22:25","guid":{"rendered":"https:\/\/inred.blogs.upv.es\/?page_id=21300"},"modified":"2022-02-18T11:00:31","modified_gmt":"2022-02-18T11:00:31","slug":"valencia-taller-1","status":"publish","type":"page","link":"https:\/\/inred2022.blogs.upv.es\/ca\/valencia-taller-1\/","title":{"rendered":"(Espa\u00f1ol) Taller #1. Nuevas narrativas sonoras: el podcast en el aula"},"content":{"rendered":"<div id=\"pl-21300\"  class=\"panel-layout\" ><div id=\"pg-21300-0\"  class=\"panel-grid panel-no-style\" ><div id=\"pgc-21300-0-0\"  class=\"panel-grid-cell\" ><div id=\"panel-21300-0-0-0\" class=\"so-panel widget widget_sow-editor panel-first-child panel-last-child\" data-index=\"0\" ><div\n\t\t\t\n\t\t\tclass=\"so-widget-sow-editor so-widget-sow-editor-base\"\n\t\t\t\n\t\t>\n<div class=\"siteorigin-widget-tinymce textwidget\">\n\t<\/div>\n<\/div><\/div><\/div><\/div><div id=\"pg-21300-1\"  class=\"panel-grid panel-no-style\" ><div id=\"pgc-21300-1-0\"  class=\"panel-grid-cell\" ><div id=\"panel-21300-1-0-0\" class=\"so-panel widget widget_sow-editor panel-first-child\" data-index=\"1\" ><div\n\t\t\t\n\t\t\tclass=\"so-widget-sow-editor so-widget-sow-editor-base\"\n\t\t\t\n\t\t><h3 class=\"widget-title\">TALLER #1<\/h3>\n<div class=\"siteorigin-widget-tinymce textwidget\">\n\t<h2>Noves narratives sonores: el podcast a l'aula<\/h2>\n<\/div>\n<\/div><\/div><div id=\"panel-21300-1-0-1\" class=\"so-panel widget widget_sow-editor panel-last-child\" data-index=\"2\" ><div\n\t\t\t\n\t\t\tclass=\"so-widget-sow-editor so-widget-sow-editor-base\"\n\t\t\t\n\t\t>\n<div class=\"siteorigin-widget-tinymce textwidget\">\n\t<p>Aquest taller busca millorar les habilitats comunicatives a trav\u00e9s del podcast o la r\u00e0dio. A trav\u00e9s d'una descripci\u00f3 del funcionament del <em>podcasting<\/em> i les diferents fases del proc\u00e9s de creaci\u00f3, s'animar\u00e0 a l'alumnat a la creaci\u00f3 de continguts sonors per a les seues assignatures te\u00f2riques.<br \/>\n<br \/>\nA m\u00e9s, es parlar\u00e0 dels diferents tipus de podcasts educatius: des de la lli\u00e7\u00f3 magistral als podcasts fets per l'aumnat.<\/p>\n<\/div>\n<\/div><\/div><\/div><div id=\"pgc-21300-1-1\"  class=\"panel-grid-cell\" ><div id=\"panel-21300-1-1-0\" class=\"so-panel widget widget_sow-image panel-first-child\" data-index=\"3\" ><div\n\t\t\t\n\t\t\tclass=\"so-widget-sow-image so-widget-sow-image-default-8b5b6f678277-21300\"\n\t\t\t\n\t\t>\n<div class=\"sow-image-container\">\n\t\t<img \n\tsrc=\"https:\/\/inred2022.blogs.upv.es\/wp-content\/uploads\/2022\/02\/Raul_Terol-300x300.jpg\" width=\"300\" height=\"300\" srcset=\"https:\/\/inred2022.blogs.upv.es\/wp-content\/uploads\/2022\/02\/Raul_Terol-300x300.jpg 300w, https:\/\/inred2022.blogs.upv.es\/wp-content\/uploads\/2022\/02\/Raul_Terol-150x150.jpg 150w, https:\/\/inred2022.blogs.upv.es\/wp-content\/uploads\/2022\/02\/Raul_Terol.jpg 500w\" sizes=\"(max-width: 300px) 100vw, 300px\" title=\"Ra\u00fal Terol\" alt=\"\" \t\tclass=\"so-widget-image\"\/>\n\t<\/div>\n\n<\/div><\/div><div id=\"panel-21300-1-1-1\" class=\"so-panel widget widget_sow-editor panel-last-child\" data-index=\"4\" ><div\n\t\t\t\n\t\t\tclass=\"so-widget-sow-editor so-widget-sow-editor-base\"\n\t\t\t\n\t\t>\n<div class=\"siteorigin-widget-tinymce textwidget\">\n\t<h4 style=\"text-align: center\">Ra\u00fal Terol<\/h4>\n<\/div>\n<\/div><\/div><\/div><\/div><div id=\"pg-21300-2\"  class=\"panel-grid panel-no-style\" ><div id=\"pgc-21300-2-0\"  class=\"panel-grid-cell\" ><div id=\"panel-21300-2-0-0\" class=\"so-panel widget widget_sow-editor panel-first-child panel-last-child\" data-index=\"5\" ><div\n\t\t\t\n\t\t\tclass=\"so-widget-sow-editor so-widget-sow-editor-base\"\n\t\t\t\n\t\t>\n<div class=\"siteorigin-widget-tinymce textwidget\">\n\t<\/p>\n<hr \/>\n<h2 id=\"sobre-virginia-santamarina\">Sobre Ra\u00fal Terol<i class=\"c_a_1310c973 css-263\" aria-hidden=\"true\"><\/i><\/h2>\n<p><em>Ra\u00fal Terol Bolinches \u00e9s doctor en Ind\u00fastries Culturals i de la Comunicaci\u00f3 per la Universitat Polit\u00e8cnica de Val\u00e8ncia, on en l'actualitat \u00e9s professor del Grau de Comunicaci\u00f3 Audiovisual i del M\u00e0ster en Comunicaci\u00f3 transm\u00e8dia al Campus de Gandia, impartint les assignatures de Proc\u00e9s de Realitzaci\u00f3 Radiof\u00f2nica i Projecte transversal respectivament. A m\u00e9s, imparteix doc\u00e8ncia en el Grau de Comunicaci\u00f3 en la Universitat Internacional de la Rioja (UNIR).<\/em><\/p>\n<p><em>Quant a investigaci\u00f3 Terol ha realitzat diverses aportacions en congressos, aix\u00ed com en publicacions en revistes i cap\u00edtols de llibre, sobre l'estat actual de la comunicaci\u00f3 radiof\u00f2nica, el podcasting i la pres\u00e8ncia de l'\u00e0udio en Internet. \u00c9s col\u00b7laborador del Grup d'Investigaci\u00f3 GRISS de la Universitat Aut\u00f2noma de Barcelona.<\/em><\/p>\n<p><em>Al marge del vessant acad\u00e8mic, Ra\u00fal Terol va fundar i va ser director de la r\u00e0dio municipal Llosa FM entre 2003 i 2015. Entre 2018 i 2021 va presentar un programa diari en la 99.9 Val\u00e8ncia R\u00e0dio. En l'actualitat, Terol \u00e9s membre de l'Associaci\u00f3 Espanyola d'Investigaci\u00f3 en Comunicaci\u00f3 (AE-IC), de la Societat Espanyola de Period\u00edstica (SEP) i de la European Communication Research and Education Association (ECREA).<\/em><\/p>\n<\/div>\n<\/div><\/div><\/div><\/div><\/div>","protected":false},"excerpt":{"rendered":"<p>Noves narratives sonores: el podcast a l&#8217;aula Aquest taller busca millorar les habilitats comunicatives a trav\u00e9s del podcast o la r\u00e0dio. A trav\u00e9s d&#8217;una descripci\u00f3 del funcionament del podcasting i les diferents fases del proc\u00e9s de creaci\u00f3, s&#8217;animar\u00e0 a l&#8217;alumnat a la<\/p>\n","protected":false},"author":19,"featured_media":0,"parent":0,"menu_order":0,"comment_status":"closed","ping_status":"closed","template":"redux-templates_full_width","meta":{"footnotes":""},"class_list":["post-21300","page","type-page","status-publish","hentry"],"_links":{"self":[{"href":"https:\/\/inred2022.blogs.upv.es\/ca\/wp-json\/wp\/v2\/pages\/21300","targetHints":{"allow":["GET"]}}],"collection":[{"href":"https:\/\/inred2022.blogs.upv.es\/ca\/wp-json\/wp\/v2\/pages"}],"about":[{"href":"https:\/\/inred2022.blogs.upv.es\/ca\/wp-json\/wp\/v2\/types\/page"}],"author":[{"embeddable":true,"href":"https:\/\/inred2022.blogs.upv.es\/ca\/wp-json\/wp\/v2\/users\/19"}],"replies":[{"embeddable":true,"href":"https:\/\/inred2022.blogs.upv.es\/ca\/wp-json\/wp\/v2\/comments?post=21300"}],"version-history":[{"count":2,"href":"https:\/\/inred2022.blogs.upv.es\/ca\/wp-json\/wp\/v2\/pages\/21300\/revisions"}],"predecessor-version":[{"id":23983,"href":"https:\/\/inred2022.blogs.upv.es\/ca\/wp-json\/wp\/v2\/pages\/21300\/revisions\/23983"}],"wp:attachment":[{"href":"https:\/\/inred2022.blogs.upv.es\/ca\/wp-json\/wp\/v2\/media?parent=21300"}],"curies":[{"name":"wp","href":"https:\/\/api.w.org\/{rel}","templated":true}]}}