{"id":21537,"date":"2021-04-30T13:36:14","date_gmt":"2021-04-30T11:36:14","guid":{"rendered":"https:\/\/inred.blogs.upv.es\/?page_id=21537"},"modified":"2022-02-24T13:48:44","modified_gmt":"2022-02-24T13:48:44","slug":"taller-3-2","status":"publish","type":"page","link":"https:\/\/inred2022.blogs.upv.es\/ca\/taller-3-2\/","title":{"rendered":"(Espa\u00f1ol) Taller #3. Como favorecer un aprendizaje m\u00e1s eficaz a trav\u00e9s de la neuroeducaci\u00f3n"},"content":{"rendered":"<div id=\"pl-21537\"  class=\"panel-layout\" ><div id=\"pg-21537-0\"  class=\"panel-grid panel-no-style\" ><div id=\"pgc-21537-0-0\"  class=\"panel-grid-cell\" ><div id=\"panel-21537-0-0-0\" class=\"so-panel widget widget_sow-editor panel-first-child panel-last-child\" data-index=\"0\" ><div\n\t\t\t\n\t\t\tclass=\"so-widget-sow-editor so-widget-sow-editor-base\"\n\t\t\t\n\t\t>\n<div class=\"siteorigin-widget-tinymce textwidget\">\n\t<\/div>\n<\/div><\/div><\/div><\/div><div id=\"pg-21537-1\"  class=\"panel-grid panel-no-style\" ><div id=\"pgc-21537-1-0\"  class=\"panel-grid-cell\" ><div id=\"panel-21537-1-0-0\" class=\"so-panel widget widget_sow-editor panel-first-child\" data-index=\"1\" ><div\n\t\t\t\n\t\t\tclass=\"so-widget-sow-editor so-widget-sow-editor-base\"\n\t\t\t\n\t\t><h3 class=\"widget-title\">TALLER #3<\/h3>\n<div class=\"siteorigin-widget-tinymce textwidget\">\n\t<h2>Com afavorir un aprenentatge m\u00e9s efica\u00e7 a trav\u00e9s de la neuroeducaci\u00f3n<\/h2>\n<\/div>\n<\/div><\/div><div id=\"panel-21537-1-0-1\" class=\"so-panel widget widget_sow-editor panel-last-child\" data-index=\"2\" ><div\n\t\t\t\n\t\t\tclass=\"so-widget-sow-editor so-widget-sow-editor-base\"\n\t\t\t\n\t\t>\n<div class=\"siteorigin-widget-tinymce textwidget\">\n\t<p>A partir de les aportacions de la neuroeducaci\u00f3n s'establiran estrat\u00e8gies que ajuden a afavorir un aprenentatge m\u00e9s efectiu a l'aula, dins d'un entorn d'educaci\u00f3 superior.<\/p>\n<\/div>\n<\/div><\/div><\/div><div id=\"pgc-21537-1-1\"  class=\"panel-grid-cell\" ><div id=\"panel-21537-1-1-0\" class=\"so-panel widget widget_sow-image panel-first-child\" data-index=\"3\" ><div\n\t\t\t\n\t\t\tclass=\"so-widget-sow-image so-widget-sow-image-default-8b5b6f678277-21537\"\n\t\t\t\n\t\t>\n<div class=\"sow-image-container\">\n\t\t<img \n\tsrc=\"https:\/\/inred2022.blogs.upv.es\/wp-content\/uploads\/2022\/02\/Anna-F-scaled.jpg\" width=\"2260\" height=\"2560\" srcset=\"https:\/\/inred2022.blogs.upv.es\/wp-content\/uploads\/2022\/02\/Anna-F-scaled.jpg 2260w, https:\/\/inred2022.blogs.upv.es\/wp-content\/uploads\/2022\/02\/Anna-F-265x300.jpg 265w, https:\/\/inred2022.blogs.upv.es\/wp-content\/uploads\/2022\/02\/Anna-F-904x1024.jpg 904w, https:\/\/inred2022.blogs.upv.es\/wp-content\/uploads\/2022\/02\/Anna-F-768x870.jpg 768w, https:\/\/inred2022.blogs.upv.es\/wp-content\/uploads\/2022\/02\/Anna-F-1356x1536.jpg 1356w, https:\/\/inred2022.blogs.upv.es\/wp-content\/uploads\/2022\/02\/Anna-F-1808x2048.jpg 1808w\" sizes=\"(max-width: 2260px) 100vw, 2260px\" title=\"Sara Mariner\" alt=\"\" \t\tclass=\"so-widget-image\"\/>\n\t<\/div>\n\n<\/div><\/div><div id=\"panel-21537-1-1-1\" class=\"so-panel widget widget_sow-editor panel-last-child\" data-index=\"4\" ><div\n\t\t\t\n\t\t\tclass=\"so-widget-sow-editor so-widget-sow-editor-base\"\n\t\t\t\n\t\t>\n<div class=\"siteorigin-widget-tinymce textwidget\">\n\t<h4 style=\"text-align: center\">Anna For\u00e9s<\/h4>\n<\/div>\n<\/div><\/div><\/div><\/div><div id=\"pg-21537-2\"  class=\"panel-grid panel-no-style\" ><div id=\"pgc-21537-2-0\"  class=\"panel-grid-cell\" ><div id=\"panel-21537-2-0-0\" class=\"so-panel widget widget_sow-editor panel-first-child panel-last-child\" data-index=\"5\" ><div\n\t\t\t\n\t\t\tclass=\"so-widget-sow-editor so-widget-sow-editor-base\"\n\t\t\t\n\t\t>\n<div class=\"siteorigin-widget-tinymce textwidget\">\n\t<\/p>\n<hr \/>\n<h2 id=\"sobre-virginia-santamarina\">Sobre Anna For\u00e9s<i class=\"c_a_1310c973 css-263\" aria-hidden=\"true\"><\/i><\/h2>\n<p><em>Directora adjunta de la c\u00e0tedra de Neuroeducaci\u00f3n UB- EDU 1st, Professora de la UB, anteriorment de la URL. Ha exercit c\u00e0rrecs de direcci\u00f3 i gesti\u00f3 acad\u00e8mica. Vicedegana de Doctorat. Doctora en Filosofia i Ci\u00e8ncies de l'Educaci\u00f3 i Llicenciada en Pedagogia per la Universitat de Barcelona (UB)<\/em><br \/>\n<em>Codirectora del M\u00e0ster de Neuroeducaci\u00f3n de la UB, guanyadors del Premi Malapeira.<\/em><\/p>\n<p><em>La seua dedicaci\u00f3 se centra en tot el que tinga a veure amb l'educaci\u00f3 i la humanitzaci\u00f3, a continuar creient en el g\u00e8nere hum\u00e0 i a millorar l'educaci\u00f3. Per aix\u00f2, resili\u00e8ncia, neuroeducaci\u00f3n i comprom\u00eds per l'educaci\u00f3 s\u00f3n elements clau.<\/em><\/p>\n<p><em>\u00c9s membre del grup d'investigaci\u00f3 GR-EMA (entorns i materials per a l'aprenentatge) del IDP-ICE de la UB, i del grup d'Innovaci\u00f3 INDAGA\u2019T (Grup d'Innovaci\u00f3 Docent per a afavorir la Indagaci\u00f3).\u00a0<\/em><\/p>\n<p><em>Apassionada per l'educaci\u00f3 i per com aprenem, \u00e9s autora d'articles i m\u00e9s de 16 llibres sobre tem\u00e0tica educativa com a Pedagogies emergents: 14 preguntes per al debat (Educaci\u00f3 Universit\u00e0ria). Neuromitos en educaci\u00f3. L'aprenentatge des de la neuroci\u00e8ncia (Plataforma Editorial). Els aneguets lleigs i els cignes negres. Resili\u00e8ncia i Neuroci\u00e8ncia (Plataforma Editorial), entre altres.<\/em><\/p>\n<\/div>\n<\/div><\/div><\/div><\/div><\/div>","protected":false},"excerpt":{"rendered":"<p>Com afavorir un aprenentatge m\u00e9s efica\u00e7 a trav\u00e9s de la neuroeducaci\u00f3n A partir de les aportacions de la neuroeducaci\u00f3n s&#8217;establiran estrat\u00e8gies que ajuden a afavorir un aprenentatge m\u00e9s efectiu a l&#8217;aula, dins d&#8217;un entorn d&#8217;educaci\u00f3 superior. Anna For\u00e9s<\/p>\n","protected":false},"author":19,"featured_media":0,"parent":0,"menu_order":0,"comment_status":"closed","ping_status":"closed","template":"redux-templates_full_width","meta":{"footnotes":""},"class_list":["post-21537","page","type-page","status-publish","hentry"],"_links":{"self":[{"href":"https:\/\/inred2022.blogs.upv.es\/ca\/wp-json\/wp\/v2\/pages\/21537","targetHints":{"allow":["GET"]}}],"collection":[{"href":"https:\/\/inred2022.blogs.upv.es\/ca\/wp-json\/wp\/v2\/pages"}],"about":[{"href":"https:\/\/inred2022.blogs.upv.es\/ca\/wp-json\/wp\/v2\/types\/page"}],"author":[{"embeddable":true,"href":"https:\/\/inred2022.blogs.upv.es\/ca\/wp-json\/wp\/v2\/users\/19"}],"replies":[{"embeddable":true,"href":"https:\/\/inred2022.blogs.upv.es\/ca\/wp-json\/wp\/v2\/comments?post=21537"}],"version-history":[{"count":2,"href":"https:\/\/inred2022.blogs.upv.es\/ca\/wp-json\/wp\/v2\/pages\/21537\/revisions"}],"predecessor-version":[{"id":24116,"href":"https:\/\/inred2022.blogs.upv.es\/ca\/wp-json\/wp\/v2\/pages\/21537\/revisions\/24116"}],"wp:attachment":[{"href":"https:\/\/inred2022.blogs.upv.es\/ca\/wp-json\/wp\/v2\/media?parent=21537"}],"curies":[{"name":"wp","href":"https:\/\/api.w.org\/{rel}","templated":true}]}}