{"id":21546,"date":"2021-04-30T13:43:23","date_gmt":"2021-04-30T11:43:23","guid":{"rendered":"https:\/\/inred.blogs.upv.es\/?page_id=21546"},"modified":"2022-02-18T12:02:20","modified_gmt":"2022-02-18T12:02:20","slug":"taller-4-2","status":"publish","type":"page","link":"https:\/\/inred2022.blogs.upv.es\/ca\/taller-4-2\/","title":{"rendered":"(Espa\u00f1ol) Taller #4. Dise\u00f1o y evaluaci\u00f3n de resultados de aprendizaje"},"content":{"rendered":"<div id=\"pl-21546\"  class=\"panel-layout\" ><div id=\"pg-21546-0\"  class=\"panel-grid panel-no-style\" ><div id=\"pgc-21546-0-0\"  class=\"panel-grid-cell\" ><div id=\"panel-21546-0-0-0\" class=\"so-panel widget widget_sow-editor panel-first-child panel-last-child\" data-index=\"0\" ><div\n\t\t\t\n\t\t\tclass=\"so-widget-sow-editor so-widget-sow-editor-base\"\n\t\t\t\n\t\t>\n<div class=\"siteorigin-widget-tinymce textwidget\">\n\t<\/div>\n<\/div><\/div><\/div><\/div><div id=\"pg-21546-1\"  class=\"panel-grid panel-no-style\" ><div id=\"pgc-21546-1-0\"  class=\"panel-grid-cell\" ><div id=\"panel-21546-1-0-0\" class=\"so-panel widget widget_sow-editor panel-first-child\" data-index=\"1\" ><div\n\t\t\t\n\t\t\tclass=\"so-widget-sow-editor so-widget-sow-editor-base\"\n\t\t\t\n\t\t><h3 class=\"widget-title\">TALLER #4<\/h3>\n<div class=\"siteorigin-widget-tinymce textwidget\">\n\t<h2>Disseny i avaluaci\u00f3 de resultats d'aprenentatge<\/h2>\n<\/div>\n<\/div><\/div><div id=\"panel-21546-1-0-1\" class=\"so-panel widget widget_sow-editor panel-last-child\" data-index=\"2\" ><div\n\t\t\t\n\t\t\tclass=\"so-widget-sow-editor so-widget-sow-editor-base\"\n\t\t\t\n\t\t>\n<div class=\"siteorigin-widget-tinymce textwidget\">\n\t<p>Partint dels elements b\u00e0sics determinats en investigacions pr\u00e8vies i recomanats per ag\u00e8ncies d'avaluaci\u00f3, en aquest taller, en primer lloc, s'analitzaran i dissenyaran col\u00b7laborativament resultats d'aprenentatge i en un segon moment, es treballar\u00e0 sobre l'alineaci\u00f3 entre aquests i els mitjans i instruments d'avaluaci\u00f3 des de l'enfocament de l'avaluaci\u00f3 com a aprenentatge.<\/p>\n<\/div>\n<\/div><\/div><\/div><\/div><div id=\"pg-21546-2\"  class=\"panel-grid panel-no-style\" ><div id=\"pgc-21546-2-0\"  class=\"panel-grid-cell\" ><div id=\"panel-21546-2-0-0\" class=\"so-panel widget widget_sow-editor panel-first-child panel-last-child\" data-index=\"3\" ><div\n\t\t\t\n\t\t\tclass=\"so-widget-sow-editor so-widget-sow-editor-base\"\n\t\t\t\n\t\t>\n<div class=\"siteorigin-widget-tinymce textwidget\">\n\t<hr \/>\n<\/div>\n<\/div><\/div><\/div><\/div><div id=\"pg-21546-3\"  class=\"panel-grid panel-no-style\" ><div id=\"pgc-21546-3-0\"  class=\"panel-grid-cell\" ><div id=\"panel-21546-3-0-0\" class=\"so-panel widget widget_sow-image panel-first-child\" data-index=\"4\" ><div\n\t\t\t\n\t\t\tclass=\"so-widget-sow-image so-widget-sow-image-default-c67d20f9f743-21546\"\n\t\t\t\n\t\t>\n<div class=\"sow-image-container\">\n\t\t<img \n\tsrc=\"https:\/\/inred2022.blogs.upv.es\/wp-content\/uploads\/2022\/02\/Soledad_Ibarra.png\" width=\"275\" height=\"184\" srcset=\"https:\/\/inred2022.blogs.upv.es\/wp-content\/uploads\/2022\/02\/Soledad_Ibarra.png 275w, https:\/\/inred2022.blogs.upv.es\/wp-content\/uploads\/2022\/02\/Soledad_Ibarra-272x182.png 272w\" sizes=\"(max-width: 275px) 100vw, 275px\" title=\"Mar\u00eda Soledad Ibarra S\u00e1iz\" alt=\"\" \t\tclass=\"so-widget-image\"\/>\n\t<\/div>\n\n<\/div><\/div><div id=\"panel-21546-3-0-1\" class=\"so-panel widget widget_sow-editor panel-last-child\" data-index=\"5\" ><div\n\t\t\t\n\t\t\tclass=\"so-widget-sow-editor so-widget-sow-editor-base\"\n\t\t\t\n\t\t>\n<div class=\"siteorigin-widget-tinymce textwidget\">\n\t<\/p>\n<hr \/>\n<h2>Mar\u00eda Soledad Ibarra S\u00e1iz<\/h2>\n<p><em>Directora de la C\u00e0tedra UNESCO en Avaluaci\u00f3, innovaci\u00f3 i excel\u00b7l\u00e8ncia en educaci\u00f3. Directora del Grup d'Investigaci\u00f3 EVALfor SEG509 \u2013 Avaluaci\u00f3 en contextos formatius. Coordinadora del M\u00e0ster MEVINAP \u2013 Avaluaci\u00f3 i innovaci\u00f3 en organitzacions i contextos d'aprenentatge. Universidad de C\u00e1diz.<\/em><\/p>\n<\/div>\n<\/div><\/div><\/div><div id=\"pgc-21546-3-1\"  class=\"panel-grid-cell\" ><div id=\"panel-21546-3-1-0\" class=\"so-panel widget widget_sow-image panel-first-child\" data-index=\"6\" ><div\n\t\t\t\n\t\t\tclass=\"so-widget-sow-image so-widget-sow-image-default-c67d20f9f743-21546\"\n\t\t\t\n\t\t>\n<div class=\"sow-image-container\">\n\t\t<img \n\tsrc=\"https:\/\/inred2022.blogs.upv.es\/wp-content\/uploads\/2022\/02\/Gregorio_Rodriguez.jpg\" width=\"145\" height=\"190\" srcset=\"https:\/\/inred2022.blogs.upv.es\/wp-content\/uploads\/2022\/02\/Gregorio_Rodriguez.jpg 341w, https:\/\/inred2022.blogs.upv.es\/wp-content\/uploads\/2022\/02\/Gregorio_Rodriguez-240x300.jpg 240w\" sizes=\"(max-width: 145px) 100vw, 145px\" title=\"Gregorio Rodr\u00edguez G\u00f3mez\" alt=\"\" \t\tclass=\"so-widget-image\"\/>\n\t<\/div>\n\n<\/div><\/div><div id=\"panel-21546-3-1-1\" class=\"so-panel widget widget_sow-editor panel-last-child\" data-index=\"7\" ><div\n\t\t\t\n\t\t\tclass=\"so-widget-sow-editor so-widget-sow-editor-base\"\n\t\t\t\n\t\t>\n<div class=\"siteorigin-widget-tinymce textwidget\">\n\t<\/p>\n<hr \/>\n<h2>Gregorio Rodr\u00edguez G\u00f3mez<\/h2>\n<p><em>Catedr\u00e0tic de M\u00e8todes d'investigaci\u00f3 en educaci\u00f3. Coordinador de l'\u00c0rea Estrat\u00e8gica Estudis i investigacions en avaluaci\u00f3 de la C\u00e0tedra UNESCO en Avaluaci\u00f3, innovaci\u00f3 i excel\u00b7l\u00e8ncia en educaci\u00f3. Membre del Grup d'Investigaci\u00f3 EVALfor SEG509 \u2013 Avaluaci\u00f3 en contextos formatius. Professor en el M\u00e0ster MEVINAP \u2013 Avaluaci\u00f3 i innovaci\u00f3 en organitzacions i contextos d'aprenentatge. Universidad de C\u00e1diz.<\/em><\/p>\n<\/div>\n<\/div><\/div><\/div><\/div><\/div>","protected":false},"excerpt":{"rendered":"<p>Disseny i avaluaci\u00f3 de resultats d&#8217;aprenentatge Partint dels elements b\u00e0sics determinats en investigacions pr\u00e8vies i recomanats per ag\u00e8ncies d&#8217;avaluaci\u00f3, en aquest taller, en primer lloc, s&#8217;analitzaran i dissenyaran col\u00b7laborativament resultats d&#8217;aprenentatge i en un segon moment, es treballar\u00e0 sobre l&#8217;alineaci\u00f3 entre aquests<\/p>\n","protected":false},"author":19,"featured_media":0,"parent":0,"menu_order":0,"comment_status":"closed","ping_status":"closed","template":"redux-templates_full_width","meta":{"footnotes":""},"class_list":["post-21546","page","type-page","status-publish","hentry"],"_links":{"self":[{"href":"https:\/\/inred2022.blogs.upv.es\/ca\/wp-json\/wp\/v2\/pages\/21546","targetHints":{"allow":["GET"]}}],"collection":[{"href":"https:\/\/inred2022.blogs.upv.es\/ca\/wp-json\/wp\/v2\/pages"}],"about":[{"href":"https:\/\/inred2022.blogs.upv.es\/ca\/wp-json\/wp\/v2\/types\/page"}],"author":[{"embeddable":true,"href":"https:\/\/inred2022.blogs.upv.es\/ca\/wp-json\/wp\/v2\/users\/19"}],"replies":[{"embeddable":true,"href":"https:\/\/inred2022.blogs.upv.es\/ca\/wp-json\/wp\/v2\/comments?post=21546"}],"version-history":[{"count":1,"href":"https:\/\/inred2022.blogs.upv.es\/ca\/wp-json\/wp\/v2\/pages\/21546\/revisions"}],"predecessor-version":[{"id":24033,"href":"https:\/\/inred2022.blogs.upv.es\/ca\/wp-json\/wp\/v2\/pages\/21546\/revisions\/24033"}],"wp:attachment":[{"href":"https:\/\/inred2022.blogs.upv.es\/ca\/wp-json\/wp\/v2\/media?parent=21546"}],"curies":[{"name":"wp","href":"https:\/\/api.w.org\/{rel}","templated":true}]}}