{"id":2172,"date":"2018-09-29T11:09:29","date_gmt":"2018-09-29T11:09:29","guid":{"rendered":"http:\/\/158.42.101.153\/wordpress\/?page_id=2172"},"modified":"2018-09-29T11:09:29","modified_gmt":"2018-09-29T11:09:29","slug":"fechas-a-recordar","status":"publish","type":"page","link":"https:\/\/inred2022.blogs.upv.es\/ca\/fechas-a-recordar\/","title":{"rendered":"Fechas a recordar"},"content":{"rendered":"<p><\/p>\n<table border=\"1\" width=\"80%\" cellspacing=\"1\" cellpadding=\"1\" align=\"center\">\n<tbody>\n<tr>\n<td style=\"vertical-align: middle\"><img loading=\"lazy\" decoding=\"async\" class=\"aligncenter wp-image-6706\" src=\"http:\/\/inred2022.blogs.upv.es\/wp-content\/uploads\/2017\/11\/6-11-17CAST.png\" alt=\"\" width=\"120\" height=\"154\" \/><\/td>\n<td>\n<div class=\"box-grey\"><strong><span style=\"color: #000080\">Call for papers<\/span><\/strong><br \/>\n<strong>6 Noviembre 2017 \u2013 25 Marzo 2018<\/strong><br \/>\nAccede a toda la informaci\u00f3n, normativa, plantilla y fechas clave en <a href=\"http:\/\/inred.blogs.upv.es\/call-for-papers_principal\/\">Call for papers<\/a>.<\/div>\n<\/td>\n<\/tr>\n<tr>\n<td style=\"vertical-align: middle\"><img loading=\"lazy\" decoding=\"async\" class=\"aligncenter\" src=\"http:\/\/inred2022.blogs.upv.es\/wp-content\/uploads\/2017\/11\/25-3-17CAST.png\" alt=\"domingo2\" width=\"117\" height=\"150\" \/><\/td>\n<td>\n<div class=\"box-grey\"><strong><span style=\"color: #000080\">L\u00edmite recepci\u00f3n trabajos<\/span><\/strong><br \/>\n<strong>25 marzo 2018<\/strong><br \/>\nPuedes enviar tus trabajos a INRED2018 hasta el 25 de marzo de 2018.<\/div>\n<\/td>\n<\/tr>\n<tr>\n<td style=\"vertical-align: middle\"><img loading=\"lazy\" decoding=\"async\" class=\"aligncenter\" src=\"http:\/\/inred2022.blogs.upv.es\/wp-content\/uploads\/2017\/11\/15-5-17CAST.png\" alt=\"Lunes15\" width=\"117\" height=\"150\" \/><\/td>\n<td>\n<div class=\"box-grey\"><strong><span style=\"color: #000080\">Comunicaci\u00f3n de aceptaci\u00f3n de trabajos<\/span><\/strong><br \/>\n<strong>15 mayo\u00a02018<\/strong><br \/>\nEl 15 de mayo se notificar\u00e1 a los autores la aceptaci\u00f3n o rechazo de sus propuestas.<\/div>\n<\/td>\n<\/tr>\n<tr>\n<td style=\"vertical-align: middle\"><img loading=\"lazy\" decoding=\"async\" class=\"aligncenter\" src=\"http:\/\/inred2022.blogs.upv.es\/wp-content\/uploads\/2017\/11\/16-5-17cast.png\" alt=\"Martes16\" width=\"117\" height=\"150\" \/><\/td>\n<td>\n<div class=\"box-grey\"><strong><span style=\"color: #000080\">Apertura periodo de inscripci\u00f3n<\/span><\/strong><br \/>\n<strong>16 Mayo\u00a02018 &#8211; 12 Julio 2018<\/strong><br \/>\nA partir del 16 de mayo se abrir\u00e1\u00a0la inscripci\u00f3n al congreso hasta el 12 de julio de 2018.<\/div>\n<\/td>\n<\/tr>\n<tr>\n<td style=\"vertical-align: middle\"><img loading=\"lazy\" decoding=\"async\" class=\"wp-image-3742 aligncenter\" src=\"http:\/\/inred2022.blogs.upv.es\/wp-content\/uploads\/2017\/11\/19y20CAST.png\" alt=\"congreso\" width=\"210\" height=\"150\" \/><\/td>\n<td>\n<div class=\"box-grey\"><strong><span style=\"color: #000080\">CONGRESO INRED2018 @\u00a0Universitat Polit\u00e8cnica de Val\u00e8ncia<\/span><\/strong><br \/>\n<strong>19 y 20 de Julio 2018<\/strong><br \/>\nLos d\u00edas 19 y 20 se celebrar\u00e1 el CONGRESO INRED2018.<\/div>\n<\/td>\n<\/tr>\n<\/tbody>\n<\/table>\n<p><\/p>","protected":false},"excerpt":{"rendered":"<p>Call for papers 6 Noviembre 2017 \u2013 25 Marzo 2018 Accede a toda la informaci\u00f3n, normativa, plantilla y fechas clave en Call for papers. L\u00edmite recepci\u00f3n trabajos 25 marzo 2018 Puedes enviar tus trabajos a INRED2018 hasta el 25 de marzo de<\/p>\n","protected":false},"author":19,"featured_media":30,"parent":0,"menu_order":2,"comment_status":"closed","ping_status":"closed","template":"","meta":{"footnotes":""},"class_list":["post-2172","page","type-page","status-publish","has-post-thumbnail","hentry"],"_links":{"self":[{"href":"https:\/\/inred2022.blogs.upv.es\/ca\/wp-json\/wp\/v2\/pages\/2172","targetHints":{"allow":["GET"]}}],"collection":[{"href":"https:\/\/inred2022.blogs.upv.es\/ca\/wp-json\/wp\/v2\/pages"}],"about":[{"href":"https:\/\/inred2022.blogs.upv.es\/ca\/wp-json\/wp\/v2\/types\/page"}],"author":[{"embeddable":true,"href":"https:\/\/inred2022.blogs.upv.es\/ca\/wp-json\/wp\/v2\/users\/19"}],"replies":[{"embeddable":true,"href":"https:\/\/inred2022.blogs.upv.es\/ca\/wp-json\/wp\/v2\/comments?post=2172"}],"version-history":[{"count":0,"href":"https:\/\/inred2022.blogs.upv.es\/ca\/wp-json\/wp\/v2\/pages\/2172\/revisions"}],"wp:featuredmedia":[{"embeddable":true,"href":"https:\/\/inred2022.blogs.upv.es\/ca\/wp-json\/wp\/v2\/media\/30"}],"wp:attachment":[{"href":"https:\/\/inred2022.blogs.upv.es\/ca\/wp-json\/wp\/v2\/media?parent=2172"}],"curies":[{"name":"wp","href":"https:\/\/api.w.org\/{rel}","templated":true}]}}