{"id":24035,"date":"2022-02-18T12:34:39","date_gmt":"2022-02-18T12:34:39","guid":{"rendered":"https:\/\/inred.blogs.upv.es\/?page_id=24035"},"modified":"2026-01-08T17:45:56","modified_gmt":"2026-01-08T17:45:56","slug":"taller-5-2","status":"publish","type":"page","link":"https:\/\/inred2022.blogs.upv.es\/ca\/taller-5-2\/","title":{"rendered":"Taller #5. Educar en la just\u00edcia social. Propostes des dels objectius de desenrotllament sostenible"},"content":{"rendered":"<div id=\"pl-24035\"  class=\"panel-layout\" ><div id=\"pg-24035-0\"  class=\"panel-grid panel-no-style\" ><div id=\"pgc-24035-0-0\"  class=\"panel-grid-cell\" ><div id=\"panel-24035-0-0-0\" class=\"so-panel widget widget_sow-editor panel-first-child panel-last-child\" data-index=\"0\" ><div\n\t\t\t\n\t\t\tclass=\"so-widget-sow-editor so-widget-sow-editor-base\"\n\t\t\t\n\t\t>\n<div class=\"siteorigin-widget-tinymce textwidget\">\n\t<\/div>\n<\/div><\/div><\/div><\/div><div id=\"pg-24035-1\"  class=\"panel-grid panel-no-style\" ><div id=\"pgc-24035-1-0\"  class=\"panel-grid-cell\" ><div id=\"panel-24035-1-0-0\" class=\"so-panel widget widget_sow-editor panel-first-child\" data-index=\"1\" ><div\n\t\t\t\n\t\t\tclass=\"so-widget-sow-editor so-widget-sow-editor-base\"\n\t\t\t\n\t\t><h3 class=\"widget-title\">TALLER #5<\/h3>\n<div class=\"siteorigin-widget-tinymce textwidget\">\n\t<h2>Educar en la just\u00edcia social. Propostes des dels objectius de desenvolupament sostenible<\/h2>\n<\/div>\n<\/div><\/div><div id=\"panel-24035-1-0-1\" class=\"so-panel widget widget_sow-editor panel-last-child\" data-index=\"2\" ><div\n\t\t\t\n\t\t\tclass=\"so-widget-sow-editor so-widget-sow-editor-base\"\n\t\t\t\n\t\t>\n<div class=\"siteorigin-widget-tinymce textwidget\">\n\t<p>Els Objectius de Desenvolupament Sostenible (ODS) han d'aconseguir-se per a l'any 2030 si desitgem un millor futur per a la humanitat. Per a aconseguir aquests objectius, l'educaci\u00f3 superior i el rol que pot jugar el professorat \u00e9s fonamental en la formaci\u00f3 de ciutadans compromesos amb el seu entorn i amb pensament cr\u00edtic i propositiu, que els permeta ser creatius i innovar per a transformar el seu entorn i ser capa\u00e7os de prendre decisions en benefici la societat.<br \/>\n<br \/>\nEn aquest context, el taller buscar\u00e0 respostes a aquestes preguntes: Qu\u00e8 fem cap a l'interior de les nostres classes per a reflexionar sobre els reptes socials, econ\u00f2mics, ambientals, pol\u00edtics i culturals actuals recollits l'Agenda 2030?, Com ens estem preparant els docents per a aquests reptes?,\u00a0 Com estem preparant a l'alumnat per a viure en un m\u00f3n que exigeix noves formes d'interacci\u00f3 i col\u00b7laboraci\u00f3 entre tots els agents de la societat?<\/p>\n<\/div>\n<\/div><\/div><\/div><\/div><div id=\"pg-24035-2\"  class=\"panel-grid panel-no-style\" ><div id=\"pgc-24035-2-0\"  class=\"panel-grid-cell\" ><div id=\"panel-24035-2-0-0\" class=\"so-panel widget widget_sow-editor panel-first-child panel-last-child\" data-index=\"3\" ><div\n\t\t\t\n\t\t\tclass=\"so-widget-sow-editor so-widget-sow-editor-base\"\n\t\t\t\n\t\t>\n<div class=\"siteorigin-widget-tinymce textwidget\">\n\t<hr \/>\n<\/div>\n<\/div><\/div><\/div><\/div><div id=\"pg-24035-3\"  class=\"panel-grid panel-no-style\" ><div id=\"pgc-24035-3-0\"  class=\"panel-grid-cell\" ><div id=\"panel-24035-3-0-0\" class=\"so-panel widget widget_sow-image panel-first-child\" data-index=\"4\" ><div\n\t\t\t\n\t\t\tclass=\"so-widget-sow-image so-widget-sow-image-default-c67d20f9f743-24035\"\n\t\t\t\n\t\t>\n<div class=\"sow-image-container\">\n\t\t<img \n\tsrc=\"https:\/\/inred2022.blogs.upv.es\/wp-content\/uploads\/2022\/02\/Llanos-300x292.jpg\" width=\"300\" height=\"292\" srcset=\"https:\/\/inred2022.blogs.upv.es\/wp-content\/uploads\/2022\/02\/Llanos-300x292.jpg 300w, https:\/\/inred2022.blogs.upv.es\/wp-content\/uploads\/2022\/02\/Llanos.jpg 399w\" sizes=\"(max-width: 300px) 100vw, 300px\" title=\"M\u00aa de los Llanos G\u00f3mez Torres\" alt=\"\" \t\tclass=\"so-widget-image\"\/>\n\t<\/div>\n\n<\/div><\/div><div id=\"panel-24035-3-0-1\" class=\"so-panel widget widget_sow-editor panel-last-child\" data-index=\"5\" ><div\n\t\t\t\n\t\t\tclass=\"so-widget-sow-editor so-widget-sow-editor-base\"\n\t\t\t\n\t\t>\n<div class=\"siteorigin-widget-tinymce textwidget\">\n\t<\/p>\n<hr \/>\n<h2 id=\"sobre-virginia-santamarina\">M\u00aa de los Llanos G\u00f3mez Torres<\/h2>\n<p><em>Directora del Centre de Cooperaci\u00f3 al Desenvolupament de la Universitat Polit\u00e8cnica de Val\u00e8ncia, servei encarregat d'impulsar els valors de la solidaritat i el desenvolupament hum\u00e0 en la universitat. Doctora per la Universitat del Pa\u00eds Basc en Estudis sobre el Desenvolupament, ha dut a terme treballs entorn del paper de la universitat com a actor de la cooperaci\u00f3 internacional al desenvolupament. Ha participat en projectes de cooperaci\u00f3 en col\u00b7laboraci\u00f3 amb diferents ONG i desenvolupat treballs d'avaluaci\u00f3. En els \u00faltims anys ha dedicat part de la seua activitat a treballar la incorporaci\u00f3 de l'Agenda 2030 en l'\u00e0mbit universitari a trav\u00e9s dels instruments de la cooperaci\u00f3 universit\u00e0ria al desenvolupament.<\/em><\/p>\n<\/div>\n<\/div><\/div><\/div><div id=\"pgc-24035-3-1\"  class=\"panel-grid-cell\" ><div id=\"panel-24035-3-1-0\" class=\"so-panel widget widget_sow-image panel-first-child\" data-index=\"6\" ><div\n\t\t\t\n\t\t\tclass=\"so-widget-sow-image so-widget-sow-image-default-c67d20f9f743-24035\"\n\t\t\t\n\t\t>\n<div class=\"sow-image-container\">\n\t\t<img \n\tsrc=\"https:\/\/inred2022.blogs.upv.es\/wp-content\/uploads\/2022\/02\/Sergio_Perez-300x291.jpg\" width=\"300\" height=\"291\" srcset=\"https:\/\/inred2022.blogs.upv.es\/wp-content\/uploads\/2022\/02\/Sergio_Perez-300x291.jpg 300w, https:\/\/inred2022.blogs.upv.es\/wp-content\/uploads\/2022\/02\/Sergio_Perez.jpg 400w\" sizes=\"(max-width: 300px) 100vw, 300px\" title=\"Sergio P\u00e9rez Medina\" alt=\"\" \t\tclass=\"so-widget-image\"\/>\n\t<\/div>\n\n<\/div><\/div><div id=\"panel-24035-3-1-1\" class=\"so-panel widget widget_sow-editor panel-last-child\" data-index=\"7\" ><div\n\t\t\t\n\t\t\tclass=\"so-widget-sow-editor so-widget-sow-editor-base\"\n\t\t\t\n\t\t>\n<div class=\"siteorigin-widget-tinymce textwidget\">\n\t<\/p>\n<hr \/>\n<h2>Sergio P\u00e9rez Medina<\/h2>\n<p><em>T\u00e8cnic de Participaci\u00f3 Social i Cooperaci\u00f3 del Centre de Cooperaci\u00f3 al Desenvolupament la Universitat Polit\u00e8cnica de Val\u00e8ncia, servei encarregat d'impulsar els valors de la solidaritat i el desenvolupament hum\u00e0 en la universitat. Llicenciat en Economia i M\u00e0ster en Cooperaci\u00f3 al Desenvolupament especialitzat en gesti\u00f3 de projectes i processos de desenvolupament, ha treballat com a avaluador extern de projectes d'Educaci\u00f3 per a la Ciutadania Global. Des de 2004 ha participat com a voluntari en diferents associacions en els \u00e0mbits de la inf\u00e0ncia i joventut en situaci\u00f3 de vulnerabilitat, l'agroecologia, la participaci\u00f3 social i migracions. Actualment, centra el seu treball en l'estudi i foment de la participaci\u00f3 social connectant universitat i entitats del tercer sector.<\/em><\/p>\n<\/div>\n<\/div><\/div><\/div><\/div><\/div>","protected":false},"excerpt":{"rendered":"<p>Educar en la just\u00edcia social. Propostes des dels objectius de desenvolupament sostenible Els Objectius de Desenvolupament Sostenible (ODS) han d&#8217;aconseguir-se per a l&#8217;any 2030 si desitgem un millor futur per a la humanitat. Per a aconseguir aquests objectius, l&#8217;educaci\u00f3 superior i el<\/p>\n","protected":false},"author":19,"featured_media":0,"parent":0,"menu_order":0,"comment_status":"closed","ping_status":"closed","template":"","meta":{"footnotes":""},"class_list":["post-24035","page","type-page","status-publish","hentry"],"_links":{"self":[{"href":"https:\/\/inred2022.blogs.upv.es\/ca\/wp-json\/wp\/v2\/pages\/24035","targetHints":{"allow":["GET"]}}],"collection":[{"href":"https:\/\/inred2022.blogs.upv.es\/ca\/wp-json\/wp\/v2\/pages"}],"about":[{"href":"https:\/\/inred2022.blogs.upv.es\/ca\/wp-json\/wp\/v2\/types\/page"}],"author":[{"embeddable":true,"href":"https:\/\/inred2022.blogs.upv.es\/ca\/wp-json\/wp\/v2\/users\/19"}],"replies":[{"embeddable":true,"href":"https:\/\/inred2022.blogs.upv.es\/ca\/wp-json\/wp\/v2\/comments?post=24035"}],"version-history":[{"count":2,"href":"https:\/\/inred2022.blogs.upv.es\/ca\/wp-json\/wp\/v2\/pages\/24035\/revisions"}],"predecessor-version":[{"id":24320,"href":"https:\/\/inred2022.blogs.upv.es\/ca\/wp-json\/wp\/v2\/pages\/24035\/revisions\/24320"}],"wp:attachment":[{"href":"https:\/\/inred2022.blogs.upv.es\/ca\/wp-json\/wp\/v2\/media?parent=24035"}],"curies":[{"name":"wp","href":"https:\/\/api.w.org\/{rel}","templated":true}]}}